{"id":19,"date":"2025-04-07T15:01:42","date_gmt":"2025-04-07T13:01:42","guid":{"rendered":"https:\/\/schreberrebellen.de\/wordpress\/?page_id=19"},"modified":"2025-05-01T12:16:14","modified_gmt":"2025-05-01T10:16:14","slug":"aktuelles","status":"publish","type":"page","link":"https:\/\/schreberrebellen.de\/wordpress\/aktuelles\/","title":{"rendered":"Aktuelles"},"content":{"rendered":"\t\t<div data-elementor-type=\"wp-page\" data-elementor-id=\"19\" class=\"elementor elementor-19\" data-elementor-post-type=\"page\">\n\t\t\t\t<div class=\"elementor-element elementor-element-8f4e67b e-flex e-con-boxed e-con e-parent\" data-id=\"8f4e67b\" data-element_type=\"container\">\n\t\t\t\t\t<div class=\"e-con-inner\">\n\t\t<div class=\"elementor-element elementor-element-87c477f e-con-full e-flex e-con e-child\" data-id=\"87c477f\" data-element_type=\"container\">\n\t\t<div class=\"elementor-element elementor-element-4545330 e-con-full e-flex e-con e-child\" data-id=\"4545330\" data-element_type=\"container\">\n\t\t<div class=\"elementor-element elementor-element-ac7cb80 e-con-full e-flex e-con e-child\" data-id=\"ac7cb80\" data-element_type=\"container\">\n\t\t\t\t<\/div>\n\t\t\t\t<\/div>\n\t\t\t\t<div class=\"elementor-element elementor-element-5923176 elementor-grid-3 elementor-grid-tablet-2 elementor-grid-mobile-1 elementor-widget elementor-widget-loop-grid\" data-id=\"5923176\" data-element_type=\"widget\" data-settings=\"{&quot;template_id&quot;:&quot;336&quot;,&quot;pagination_type&quot;:&quot;numbers&quot;,&quot;row_gap&quot;:{&quot;unit&quot;:&quot;rem&quot;,&quot;size&quot;:1,&quot;sizes&quot;:[]},&quot;row_gap_tablet&quot;:{&quot;unit&quot;:&quot;rem&quot;,&quot;size&quot;:&quot;&quot;,&quot;sizes&quot;:[]},&quot;row_gap_mobile&quot;:{&quot;unit&quot;:&quot;rem&quot;,&quot;size&quot;:&quot;&quot;,&quot;sizes&quot;:[]},&quot;_skin&quot;:&quot;post&quot;,&quot;columns&quot;:&quot;3&quot;,&quot;columns_tablet&quot;:&quot;2&quot;,&quot;columns_mobile&quot;:&quot;1&quot;,&quot;edit_handle_selector&quot;:&quot;[data-elementor-type=\\&quot;loop-item\\&quot;]&quot;,&quot;pagination_load_type&quot;:&quot;page_reload&quot;}\" data-widget_type=\"loop-grid.post\">\n\t\t\t\t<div class=\"elementor-widget-container\">\n\t\t\t\t\t\t\t<div class=\"elementor-loop-container elementor-grid\">\n\t\t<style id=\"loop-dynamic-336\">.e-loop-item-826 .elementor-element.elementor-element-98eca0b:not(.elementor-motion-effects-element-type-background), .e-loop-item-826 .elementor-element.elementor-element-98eca0b > .elementor-motion-effects-container > .elementor-motion-effects-layer{background-image:url(\"https:\/\/schreberrebellen.de\/wordpress\/wp-content\/uploads\/2025\/04\/sasun-bughdaryan-o0Ef426Zs68-unsplash-scaled.jpg\");}<\/style><style id=\"loop-336\">.elementor-336 .elementor-element.elementor-element-f6471f5{--display:flex;--flex-direction:column;--container-widget-width:100%;--container-widget-height:initial;--container-widget-flex-grow:0;--container-widget-align-self:initial;--flex-wrap-mobile:wrap;}.elementor-336 .elementor-element.elementor-element-98eca0b{--display:flex;--min-height:14rem;--justify-content:center;--border-radius:5px 5px 5px 5px;box-shadow:0px 0px 10px 0px rgba(0, 0, 0, 0.15);}.elementor-336 .elementor-element.elementor-element-98eca0b:not(.elementor-motion-effects-element-type-background), .elementor-336 .elementor-element.elementor-element-98eca0b > .elementor-motion-effects-container > .elementor-motion-effects-layer{background-position:center center;background-repeat:no-repeat;background-size:cover;}.elementor-336 .elementor-element.elementor-element-6323afc{--display:flex;--gap:0.3rem 0.3rem;--row-gap:0.3rem;--column-gap:0.3rem;--border-radius:0px 0px 05px 5px;--padding-top:0.4rem;--padding-bottom:0.4rem;--padding-left:1rem;--padding-right:1rem;}.elementor-336 .elementor-element.elementor-element-6323afc:not(.elementor-motion-effects-element-type-background), .elementor-336 .elementor-element.elementor-element-6323afc > .elementor-motion-effects-container > .elementor-motion-effects-layer{background-color:#0300007D;}.elementor-336 .elementor-element.elementor-element-fcfe55b{--display:flex;}.elementor-widget-heading .elementor-heading-title{font-family:var( --e-global-typography-primary-font-family ), Sans-serif;font-weight:var( --e-global-typography-primary-font-weight );color:var( --e-global-color-primary );}.elementor-336 .elementor-element.elementor-element-0afd4e3{text-align:center;}.elementor-336 .elementor-element.elementor-element-0afd4e3 .elementor-heading-title{font-family:var( --e-global-typography-4427d9c-font-family ), Sans-serif;font-size:var( --e-global-typography-4427d9c-font-size );font-weight:var( --e-global-typography-4427d9c-font-weight );text-transform:var( --e-global-typography-4427d9c-text-transform );text-decoration:var( --e-global-typography-4427d9c-text-decoration );color:var( --e-global-color-e20a6af );}.elementor-336 .elementor-element.elementor-element-b281525{--display:flex;}.elementor-widget-post-info .elementor-icon-list-item:not(:last-child):after{border-color:var( --e-global-color-text );}.elementor-widget-post-info .elementor-icon-list-icon i{color:var( --e-global-color-primary );}.elementor-widget-post-info .elementor-icon-list-icon svg{fill:var( --e-global-color-primary );}.elementor-widget-post-info .elementor-icon-list-text, .elementor-widget-post-info .elementor-icon-list-text a{color:var( --e-global-color-secondary );}.elementor-widget-post-info .elementor-icon-list-item{font-family:var( --e-global-typography-text-font-family ), Sans-serif;font-size:var( --e-global-typography-text-font-size );font-weight:var( --e-global-typography-text-font-weight );}.elementor-336 .elementor-element.elementor-element-ece82ce .elementor-icon-list-icon{width:14px;}.elementor-336 .elementor-element.elementor-element-ece82ce .elementor-icon-list-icon i{font-size:14px;}.elementor-336 .elementor-element.elementor-element-ece82ce .elementor-icon-list-icon svg{--e-icon-list-icon-size:14px;}.elementor-336 .elementor-element.elementor-element-ece82ce .elementor-icon-list-text, .elementor-336 .elementor-element.elementor-element-ece82ce .elementor-icon-list-text a{color:var( --e-global-color-e20a6af );}@media(max-width:1024px){.elementor-336 .elementor-element.elementor-element-98eca0b{--min-height:12rem;}.elementor-336 .elementor-element.elementor-element-0afd4e3 .elementor-heading-title{font-size:var( --e-global-typography-4427d9c-font-size );}.elementor-widget-post-info .elementor-icon-list-item{font-size:var( --e-global-typography-text-font-size );}}@media(max-width:767px){.elementor-336 .elementor-element.elementor-element-98eca0b{--min-height:9rem;}.elementor-336 .elementor-element.elementor-element-6323afc{--gap:0.1rem 0.1rem;--row-gap:0.1rem;--column-gap:0.1rem;--padding-top:0.3rem;--padding-bottom:0.3rem;--padding-left:0.6rem;--padding-right:0.6rem;}.elementor-336 .elementor-element.elementor-element-0afd4e3 .elementor-heading-title{font-size:var( --e-global-typography-4427d9c-font-size );}.elementor-widget-post-info .elementor-icon-list-item{font-size:var( --e-global-typography-text-font-size );}}\/* Start custom CSS for container, class: .elementor-element-fcfe55b *\/h2 {\n    hyphens: auto;\n    -webkit-hyphens: auto;\n    -moz-hyphens: auto;\n}\/* End custom CSS *\/<\/style>\t\t<div data-elementor-type=\"loop-item\" data-elementor-id=\"336\" class=\"elementor elementor-336 e-loop-item e-loop-item-826 post-826 post type-post status-publish format-standard has-post-thumbnail hentry category-rechtliches-urteile category-vereinsverwaltung category-versicherung tag-bkd tag-bundesverband tag-lgh tag-sachesen-anhalt tag-versicherung\" data-elementor-post-type=\"elementor_library\" data-custom-edit-handle=\"1\">\n\t\t\t<div class=\"elementor-element elementor-element-f6471f5 e-flex e-con-boxed e-con e-parent\" data-id=\"f6471f5\" data-element_type=\"container\">\n\t\t\t\t\t<div class=\"e-con-inner\">\n\t\t<a class=\"elementor-element elementor-element-98eca0b e-con-full e-flex e-con e-child\" data-id=\"98eca0b\" data-element_type=\"container\" data-settings=\"{&quot;background_background&quot;:&quot;classic&quot;}\" href=\"https:\/\/schreberrebellen.de\/wordpress\/sachsen-anhalts-gartenfreunde-treten-aus-dem-bkd-aus\/\">\n\t\t<div class=\"elementor-element elementor-element-6323afc e-con-full e-flex e-con e-child\" data-id=\"6323afc\" data-element_type=\"container\" data-settings=\"{&quot;background_background&quot;:&quot;classic&quot;}\">\n\t\t<div class=\"elementor-element elementor-element-fcfe55b e-con-full e-flex e-con e-child\" data-id=\"fcfe55b\" data-element_type=\"container\">\n\t\t\t\t<div class=\"elementor-element elementor-element-0afd4e3 elementor-widget elementor-widget-heading\" data-id=\"0afd4e3\" data-element_type=\"widget\" data-widget_type=\"heading.default\">\n\t\t\t\t<div class=\"elementor-widget-container\">\n\t\t\t\t\t<h2 class=\"elementor-heading-title elementor-size-default\">Sachsen-Anhalts Gartenfreunde treten aus dem BKD aus<\/h2>\t\t\t\t<\/div>\n\t\t\t\t<\/div>\n\t\t\t\t<\/div>\n\t\t<div class=\"elementor-element elementor-element-b281525 e-con-full e-flex e-con e-child\" data-id=\"b281525\" data-element_type=\"container\">\n\t\t\t\t<div class=\"elementor-element elementor-element-ece82ce elementor-align-center elementor-widget elementor-widget-post-info\" data-id=\"ece82ce\" data-element_type=\"widget\" data-widget_type=\"post-info.default\">\n\t\t\t\t<div class=\"elementor-widget-container\">\n\t\t\t\t\t\t\t<ul class=\"elementor-inline-items elementor-icon-list-items elementor-post-info\">\n\t\t\t\t\t\t\t\t<li class=\"elementor-icon-list-item elementor-repeater-item-43f8de9 elementor-inline-item\" itemprop=\"datePublished\">\n\t\t\t\t\t\t\t\t\t\t\t\t\t<span class=\"elementor-icon-list-text elementor-post-info__item elementor-post-info__item--type-date\">\n\t\t\t\t\t\t\t\t\t\t<time>April, 2025<\/time>\t\t\t\t\t<\/span>\n\t\t\t\t\t\t\t\t<\/li>\n\t\t\t\t<\/ul>\n\t\t\t\t\t\t<\/div>\n\t\t\t\t<\/div>\n\t\t\t\t<\/div>\n\t\t\t\t<\/div>\n\t\t\t\t<\/a>\n\t\t\t\t\t<\/div>\n\t\t\t\t<\/div>\n\t\t\t\t<\/div>\n\t\t<style id=\"loop-dynamic-336\">.e-loop-item-480 .elementor-element.elementor-element-98eca0b:not(.elementor-motion-effects-element-type-background), .e-loop-item-480 .elementor-element.elementor-element-98eca0b > .elementor-motion-effects-container > .elementor-motion-effects-layer{background-image:url(\"https:\/\/schreberrebellen.de\/wordpress\/wp-content\/uploads\/2025\/04\/tingey-injury-law-firm-veNb0DDegzE-unsplash-scaled.jpg\");}<\/style>\t\t<div data-elementor-type=\"loop-item\" data-elementor-id=\"336\" class=\"elementor elementor-336 e-loop-item e-loop-item-480 post-480 post type-post status-publish format-standard has-post-thumbnail hentry category-rechtliches-urteile category-umlagen tag-bgh tag-satzung tag-umlagen\" data-elementor-post-type=\"elementor_library\" data-custom-edit-handle=\"1\">\n\t\t\t<div class=\"elementor-element elementor-element-f6471f5 e-flex e-con-boxed e-con e-parent\" data-id=\"f6471f5\" data-element_type=\"container\">\n\t\t\t\t\t<div class=\"e-con-inner\">\n\t\t<a class=\"elementor-element elementor-element-98eca0b e-con-full e-flex e-con e-child\" data-id=\"98eca0b\" data-element_type=\"container\" data-settings=\"{&quot;background_background&quot;:&quot;classic&quot;}\" href=\"https:\/\/schreberrebellen.de\/wordpress\/rechtliche-grundlagen-zu-umlagen-in-vereinen\/\">\n\t\t<div class=\"elementor-element elementor-element-6323afc e-con-full e-flex e-con e-child\" data-id=\"6323afc\" data-element_type=\"container\" data-settings=\"{&quot;background_background&quot;:&quot;classic&quot;}\">\n\t\t<div class=\"elementor-element elementor-element-fcfe55b e-con-full e-flex e-con e-child\" data-id=\"fcfe55b\" data-element_type=\"container\">\n\t\t\t\t<div class=\"elementor-element elementor-element-0afd4e3 elementor-widget elementor-widget-heading\" data-id=\"0afd4e3\" data-element_type=\"widget\" data-widget_type=\"heading.default\">\n\t\t\t\t<div class=\"elementor-widget-container\">\n\t\t\t\t\t<h2 class=\"elementor-heading-title elementor-size-default\">Rechtliche Grundlagen zu Umlagen in Vereinen<\/h2>\t\t\t\t<\/div>\n\t\t\t\t<\/div>\n\t\t\t\t<\/div>\n\t\t<div class=\"elementor-element elementor-element-b281525 e-con-full e-flex e-con e-child\" data-id=\"b281525\" data-element_type=\"container\">\n\t\t\t\t<div class=\"elementor-element elementor-element-ece82ce elementor-align-center elementor-widget elementor-widget-post-info\" data-id=\"ece82ce\" data-element_type=\"widget\" data-widget_type=\"post-info.default\">\n\t\t\t\t<div class=\"elementor-widget-container\">\n\t\t\t\t\t\t\t<ul class=\"elementor-inline-items elementor-icon-list-items elementor-post-info\">\n\t\t\t\t\t\t\t\t<li class=\"elementor-icon-list-item elementor-repeater-item-43f8de9 elementor-inline-item\" itemprop=\"datePublished\">\n\t\t\t\t\t\t\t\t\t\t\t\t\t<span class=\"elementor-icon-list-text elementor-post-info__item elementor-post-info__item--type-date\">\n\t\t\t\t\t\t\t\t\t\t<time>April, 2025<\/time>\t\t\t\t\t<\/span>\n\t\t\t\t\t\t\t\t<\/li>\n\t\t\t\t<\/ul>\n\t\t\t\t\t\t<\/div>\n\t\t\t\t<\/div>\n\t\t\t\t<\/div>\n\t\t\t\t<\/div>\n\t\t\t\t<\/a>\n\t\t\t\t\t<\/div>\n\t\t\t\t<\/div>\n\t\t\t\t<\/div>\n\t\t<style id=\"loop-dynamic-336\">.e-loop-item-466 .elementor-element.elementor-element-98eca0b:not(.elementor-motion-effects-element-type-background), .e-loop-item-466 .elementor-element.elementor-element-98eca0b > .elementor-motion-effects-container > .elementor-motion-effects-layer{background-image:url(\"https:\/\/schreberrebellen.de\/wordpress\/wp-content\/uploads\/2025\/04\/Kraniche_20210926_172438-scaled.jpg\");}<\/style>\t\t<div data-elementor-type=\"loop-item\" data-elementor-id=\"336\" class=\"elementor elementor-336 e-loop-item e-loop-item-466 post-466 post type-post status-publish format-standard has-post-thumbnail hentry category-rechtliches-urteile category-umlagen tag-mitgliedsbeitrag tag-mustersatzung tag-satzung tag-umlagen tag-vorstand\" data-elementor-post-type=\"elementor_library\" data-custom-edit-handle=\"1\">\n\t\t\t<div class=\"elementor-element elementor-element-f6471f5 e-flex e-con-boxed e-con e-parent\" data-id=\"f6471f5\" data-element_type=\"container\">\n\t\t\t\t\t<div class=\"e-con-inner\">\n\t\t<a class=\"elementor-element elementor-element-98eca0b e-con-full e-flex e-con e-child\" data-id=\"98eca0b\" data-element_type=\"container\" data-settings=\"{&quot;background_background&quot;:&quot;classic&quot;}\" href=\"https:\/\/schreberrebellen.de\/wordpress\/schock-fuer-kleingaertner-hamburgs-kleingaertner-vor-finanzieller-ausbeutung\/\">\n\t\t<div class=\"elementor-element elementor-element-6323afc e-con-full e-flex e-con e-child\" data-id=\"6323afc\" data-element_type=\"container\" data-settings=\"{&quot;background_background&quot;:&quot;classic&quot;}\">\n\t\t<div class=\"elementor-element elementor-element-fcfe55b e-con-full e-flex e-con e-child\" data-id=\"fcfe55b\" data-element_type=\"container\">\n\t\t\t\t<div class=\"elementor-element elementor-element-0afd4e3 elementor-widget elementor-widget-heading\" data-id=\"0afd4e3\" data-element_type=\"widget\" data-widget_type=\"heading.default\">\n\t\t\t\t<div class=\"elementor-widget-container\">\n\t\t\t\t\t<h2 class=\"elementor-heading-title elementor-size-default\">Schock f\u00fcr Kleing\u00e4rtner: Hamburgs Kleing\u00e4rtner vor finanzieller Ausbeutung!<\/h2>\t\t\t\t<\/div>\n\t\t\t\t<\/div>\n\t\t\t\t<\/div>\n\t\t<div class=\"elementor-element elementor-element-b281525 e-con-full e-flex e-con e-child\" data-id=\"b281525\" data-element_type=\"container\">\n\t\t\t\t<div class=\"elementor-element elementor-element-ece82ce elementor-align-center elementor-widget elementor-widget-post-info\" data-id=\"ece82ce\" data-element_type=\"widget\" data-widget_type=\"post-info.default\">\n\t\t\t\t<div class=\"elementor-widget-container\">\n\t\t\t\t\t\t\t<ul class=\"elementor-inline-items elementor-icon-list-items elementor-post-info\">\n\t\t\t\t\t\t\t\t<li class=\"elementor-icon-list-item elementor-repeater-item-43f8de9 elementor-inline-item\" itemprop=\"datePublished\">\n\t\t\t\t\t\t\t\t\t\t\t\t\t<span class=\"elementor-icon-list-text elementor-post-info__item elementor-post-info__item--type-date\">\n\t\t\t\t\t\t\t\t\t\t<time>April, 2025<\/time>\t\t\t\t\t<\/span>\n\t\t\t\t\t\t\t\t<\/li>\n\t\t\t\t<\/ul>\n\t\t\t\t\t\t<\/div>\n\t\t\t\t<\/div>\n\t\t\t\t<\/div>\n\t\t\t\t<\/div>\n\t\t\t\t<\/a>\n\t\t\t\t\t<\/div>\n\t\t\t\t<\/div>\n\t\t\t\t<\/div>\n\t\t\t\t<\/div>\n\t\t\n\t\t\t\t\t\t<\/div>\n\t\t\t\t<\/div>\n\t\t\t\t<\/div>\n\t\t<div class=\"elementor-element elementor-element-9a24a37 e-con-full e-flex e-con e-child\" data-id=\"9a24a37\" data-element_type=\"container\">\n\t\t\t\t<div class=\"elementor-element elementor-element-20eb658 elementor-widget elementor-widget-button\" data-id=\"20eb658\" data-element_type=\"widget\" data-widget_type=\"button.default\">\n\t\t\t\t<div class=\"elementor-widget-container\">\n\t\t\t\t\t\t\t\t\t<div class=\"elementor-button-wrapper\">\n\t\t\t\t\t<a class=\"elementor-button elementor-button-link elementor-size-sm\" href=\"https:\/\/schreberrebellen.de\/wordpress\/\">\n\t\t\t\t\t\t<span class=\"elementor-button-content-wrapper\">\n\t\t\t\t\t\t<span class=\"elementor-button-icon\">\n\t\t\t\t<svg aria-hidden=\"true\" class=\"e-font-icon-svg e-fas-arrow-left\" viewBox=\"0 0 448 512\" xmlns=\"http:\/\/www.w3.org\/2000\/svg\"><path d=\"M257.5 445.1l-22.2 22.2c-9.4 9.4-24.6 9.4-33.9 0L7 273c-9.4-9.4-9.4-24.6 0-33.9L201.4 44.7c9.4-9.4 24.6-9.4 33.9 0l22.2 22.2c9.5 9.5 9.3 25-.4 34.3L136.6 216H424c13.3 0 24 10.7 24 24v32c0 13.3-10.7 24-24 24H136.6l120.5 114.8c9.8 9.3 10 24.8.4 34.3z\"><\/path><\/svg>\t\t\t<\/span>\n\t\t\t\t\t\t\t\t\t<span class=\"elementor-button-text\">Zur\u00fcck zur Startseite<\/span>\n\t\t\t\t\t<\/span>\n\t\t\t\t\t<\/a>\n\t\t\t\t<\/div>\n\t\t\t\t\t\t\t\t<\/div>\n\t\t\t\t<\/div>\n\t\t\t\t<\/div>\n\t\t\t\t\t<\/div>\n\t\t\t\t<\/div>\n\t\t\t\t<\/div>\n\t\t","protected":false},"excerpt":{"rendered":"<p>Zur\u00fcck zur Startseite<\/p>\n","protected":false},"author":1,"featured_media":0,"parent":0,"menu_order":0,"comment_status":"closed","ping_status":"closed","template":"","meta":{"_acf_changed":false,"footnotes":""},"class_list":["post-19","page","type-page","status-publish","hentry"],"acf":[],"yoast_head":"<!-- This site is optimized with the Yoast SEO plugin v24.2 - https:\/\/yoast.com\/wordpress\/plugins\/seo\/ -->\n<title>Aktuelles - Schreberrebellen e.V.<\/title>\n<meta name=\"robots\" content=\"index, follow, max-snippet:-1, max-image-preview:large, max-video-preview:-1\" \/>\n<link rel=\"canonical\" href=\"https:\/\/schreberrebellen.de\/wordpress\/aktuelles\/\" \/>\n<meta property=\"og:locale\" content=\"de_DE\" \/>\n<meta property=\"og:type\" content=\"article\" \/>\n<meta property=\"og:title\" content=\"Aktuelles - Schreberrebellen e.V.\" \/>\n<meta property=\"og:description\" content=\"Zur\u00fcck zur Startseite\" \/>\n<meta property=\"og:url\" content=\"https:\/\/schreberrebellen.de\/wordpress\/aktuelles\/\" \/>\n<meta property=\"og:site_name\" content=\"Schreberrebellen e.V.\" \/>\n<meta property=\"article:modified_time\" content=\"2025-05-01T10:16:14+00:00\" \/>\n<script type=\"application\/ld+json\" class=\"yoast-schema-graph\">{\"@context\":\"https:\/\/schema.org\",\"@graph\":[{\"@type\":\"WebPage\",\"@id\":\"https:\/\/schreberrebellen.de\/wordpress\/aktuelles\/\",\"url\":\"https:\/\/schreberrebellen.de\/wordpress\/aktuelles\/\",\"name\":\"Aktuelles - Schreberrebellen e.V.\",\"isPartOf\":{\"@id\":\"https:\/\/schreberrebellen.de\/wordpress\/#website\"},\"datePublished\":\"2025-04-07T13:01:42+00:00\",\"dateModified\":\"2025-05-01T10:16:14+00:00\",\"breadcrumb\":{\"@id\":\"https:\/\/schreberrebellen.de\/wordpress\/aktuelles\/#breadcrumb\"},\"inLanguage\":\"de\",\"potentialAction\":[{\"@type\":\"ReadAction\",\"target\":[\"https:\/\/schreberrebellen.de\/wordpress\/aktuelles\/\"]}]},{\"@type\":\"BreadcrumbList\",\"@id\":\"https:\/\/schreberrebellen.de\/wordpress\/aktuelles\/#breadcrumb\",\"itemListElement\":[{\"@type\":\"ListItem\",\"position\":1,\"name\":\"Startseite\",\"item\":\"https:\/\/schreberrebellen.de\/wordpress\/\"},{\"@type\":\"ListItem\",\"position\":2,\"name\":\"Aktuelles\"}]},{\"@type\":\"WebSite\",\"@id\":\"https:\/\/schreberrebellen.de\/wordpress\/#website\",\"url\":\"https:\/\/schreberrebellen.de\/wordpress\/\",\"name\":\"Schreberrebellen e.V.\",\"description\":\"\",\"potentialAction\":[{\"@type\":\"SearchAction\",\"target\":{\"@type\":\"EntryPoint\",\"urlTemplate\":\"https:\/\/schreberrebellen.de\/wordpress\/?s={search_term_string}\"},\"query-input\":{\"@type\":\"PropertyValueSpecification\",\"valueRequired\":true,\"valueName\":\"search_term_string\"}}],\"inLanguage\":\"de\"}]}<\/script>\n<!-- \/ Yoast SEO plugin. -->","yoast_head_json":{"title":"Aktuelles - Schreberrebellen e.V.","robots":{"index":"index","follow":"follow","max-snippet":"max-snippet:-1","max-image-preview":"max-image-preview:large","max-video-preview":"max-video-preview:-1"},"canonical":"https:\/\/schreberrebellen.de\/wordpress\/aktuelles\/","og_locale":"de_DE","og_type":"article","og_title":"Aktuelles - Schreberrebellen e.V.","og_description":"Zur\u00fcck zur Startseite","og_url":"https:\/\/schreberrebellen.de\/wordpress\/aktuelles\/","og_site_name":"Schreberrebellen e.V.","article_modified_time":"2025-05-01T10:16:14+00:00","schema":{"@context":"https:\/\/schema.org","@graph":[{"@type":"WebPage","@id":"https:\/\/schreberrebellen.de\/wordpress\/aktuelles\/","url":"https:\/\/schreberrebellen.de\/wordpress\/aktuelles\/","name":"Aktuelles - Schreberrebellen e.V.","isPartOf":{"@id":"https:\/\/schreberrebellen.de\/wordpress\/#website"},"datePublished":"2025-04-07T13:01:42+00:00","dateModified":"2025-05-01T10:16:14+00:00","breadcrumb":{"@id":"https:\/\/schreberrebellen.de\/wordpress\/aktuelles\/#breadcrumb"},"inLanguage":"de","potentialAction":[{"@type":"ReadAction","target":["https:\/\/schreberrebellen.de\/wordpress\/aktuelles\/"]}]},{"@type":"BreadcrumbList","@id":"https:\/\/schreberrebellen.de\/wordpress\/aktuelles\/#breadcrumb","itemListElement":[{"@type":"ListItem","position":1,"name":"Startseite","item":"https:\/\/schreberrebellen.de\/wordpress\/"},{"@type":"ListItem","position":2,"name":"Aktuelles"}]},{"@type":"WebSite","@id":"https:\/\/schreberrebellen.de\/wordpress\/#website","url":"https:\/\/schreberrebellen.de\/wordpress\/","name":"Schreberrebellen e.V.","description":"","potentialAction":[{"@type":"SearchAction","target":{"@type":"EntryPoint","urlTemplate":"https:\/\/schreberrebellen.de\/wordpress\/?s={search_term_string}"},"query-input":{"@type":"PropertyValueSpecification","valueRequired":true,"valueName":"search_term_string"}}],"inLanguage":"de"}]}},"_links":{"self":[{"href":"https:\/\/schreberrebellen.de\/wordpress\/wp-json\/wp\/v2\/pages\/19","targetHints":{"allow":["GET"]}}],"collection":[{"href":"https:\/\/schreberrebellen.de\/wordpress\/wp-json\/wp\/v2\/pages"}],"about":[{"href":"https:\/\/schreberrebellen.de\/wordpress\/wp-json\/wp\/v2\/types\/page"}],"author":[{"embeddable":true,"href":"https:\/\/schreberrebellen.de\/wordpress\/wp-json\/wp\/v2\/users\/1"}],"replies":[{"embeddable":true,"href":"https:\/\/schreberrebellen.de\/wordpress\/wp-json\/wp\/v2\/comments?post=19"}],"version-history":[{"count":0,"href":"https:\/\/schreberrebellen.de\/wordpress\/wp-json\/wp\/v2\/pages\/19\/revisions"}],"wp:attachment":[{"href":"https:\/\/schreberrebellen.de\/wordpress\/wp-json\/wp\/v2\/media?parent=19"}],"curies":[{"name":"wp","href":"https:\/\/api.w.org\/{rel}","templated":true}]}}